{"id":1397,"date":"2024-11-03T10:42:25","date_gmt":"2024-11-03T10:42:25","guid":{"rendered":"https:\/\/groupemontclair.com\/?page_id=1397"},"modified":"2024-12-12T20:30:58","modified_gmt":"2024-12-12T20:30:58","slug":"sustainable-development","status":"publish","type":"page","link":"https:\/\/groupemontclair.com\/en\/sustainable-development\/","title":{"rendered":"Sustainable development"},"content":{"rendered":"\t\t<div data-elementor-type=\"wp-post\" data-elementor-id=\"1397\" class=\"elementor elementor-1397 elementor-191\" data-elementor-post-type=\"page\">\n\t\t\t\t<div class=\"elementor-element elementor-element-a5170c8 e-flex e-con-boxed e-con e-parent\" data-id=\"a5170c8\" data-element_type=\"container\" data-settings=\"{&quot;background_background&quot;:&quot;classic&quot;,&quot;shape_divider_bottom&quot;:&quot;triangle-asymmetrical&quot;,&quot;shape_divider_bottom_negative&quot;:&quot;yes&quot;}\">\n\t\t\t\t\t<div class=\"e-con-inner\">\n\t\t\t\t<div class=\"elementor-shape elementor-shape-bottom\" data-negative=\"true\">\n\t\t\t<svg xmlns=\"http:\/\/www.w3.org\/2000\/svg\" viewBox=\"0 0 1000 100\" preserveAspectRatio=\"none\">\n\t<path class=\"elementor-shape-fill\" d=\"M737.9,94.7L0,0v100h1000V0L737.9,94.7z\"\/>\n<\/svg>\t\t<\/div>\n\t\t<div class=\"elementor-element elementor-element-efa38b9 e-con-full e-flex e-con e-child\" data-id=\"efa38b9\" data-element_type=\"container\">\n\t\t\t\t<div class=\"elementor-element elementor-element-ac2115c elementor-icon-list--layout-inline elementor-align-center elementor-mobile-align-center elementor-list-item-link-full_width elementor-widget elementor-widget-icon-list\" data-id=\"ac2115c\" data-element_type=\"widget\" data-settings=\"{&quot;ekit_we_effect_on&quot;:&quot;none&quot;}\" data-widget_type=\"icon-list.default\">\n\t\t\t\t<div class=\"elementor-widget-container\">\n\t\t\t\t\t\t\t<ul class=\"elementor-icon-list-items elementor-inline-items\">\n\t\t\t\t\t\t\t<li class=\"elementor-icon-list-item elementor-inline-item\">\n\t\t\t\t\t\t\t\t\t\t\t<a href=\"\/en\">\n\n\t\t\t\t\t\t\t\t\t\t\t<span class=\"elementor-icon-list-text\">Home<\/span>\n\t\t\t\t\t\t\t\t\t\t\t<\/a>\n\t\t\t\t\t\t\t\t\t<\/li>\n\t\t\t\t\t\t\t\t<li class=\"elementor-icon-list-item elementor-inline-item\">\n\t\t\t\t\t\t\t\t\t\t\t<span class=\"elementor-icon-list-icon\">\n\t\t\t\t\t\t\t<i aria-hidden=\"true\" class=\"jki jki-slash-solid\"><\/i>\t\t\t\t\t\t<\/span>\n\t\t\t\t\t\t\t\t\t\t<span class=\"elementor-icon-list-text\">Sustainable development<\/span>\n\t\t\t\t\t\t\t\t\t<\/li>\n\t\t\t\t\t\t<\/ul>\n\t\t\t\t\t\t<\/div>\n\t\t\t\t<\/div>\n\t\t\t\t<div class=\"elementor-element elementor-element-f0aa739 elementor-invisible elementor-widget elementor-widget-heading\" data-id=\"f0aa739\" data-element_type=\"widget\" data-settings=\"{&quot;_animation&quot;:&quot;fadeIn&quot;,&quot;ekit_we_effect_on&quot;:&quot;none&quot;}\" data-widget_type=\"heading.default\">\n\t\t\t\t<div class=\"elementor-widget-container\">\n\t\t\t\t\t<h1 class=\"elementor-heading-title elementor-size-default\">Sustainable development<\/h1>\t\t\t\t<\/div>\n\t\t\t\t<\/div>\n\t\t\t\t<div class=\"elementor-element elementor-element-be8e438 elementor-invisible elementor-widget elementor-widget-text-editor\" data-id=\"be8e438\" data-element_type=\"widget\" data-settings=\"{&quot;_animation&quot;:&quot;fadeInLeft&quot;,&quot;_animation_delay&quot;:&quot;100&quot;,&quot;ekit_we_effect_on&quot;:&quot;none&quot;}\" data-widget_type=\"text-editor.default\">\n\t\t\t\t<div class=\"elementor-widget-container\">\n\t\t\t\t\t\t\t\t\t<p>LEED \u2013 Aura sur le square<\/p>\t\t\t\t\t\t\t\t<\/div>\n\t\t\t\t<\/div>\n\t\t\t\t<div class=\"elementor-element elementor-element-202900d elementor-widget-divider--view-line elementor-invisible elementor-widget elementor-widget-divider\" data-id=\"202900d\" data-element_type=\"widget\" data-settings=\"{&quot;_animation&quot;:&quot;fadeIn&quot;,&quot;_animation_delay&quot;:&quot;100&quot;,&quot;ekit_we_effect_on&quot;:&quot;none&quot;}\" data-widget_type=\"divider.default\">\n\t\t\t\t<div class=\"elementor-widget-container\">\n\t\t\t\t\t\t\t<div class=\"elementor-divider\">\n\t\t\t<span class=\"elementor-divider-separator\">\n\t\t\t\t\t\t<\/span>\n\t\t<\/div>\n\t\t\t\t\t\t<\/div>\n\t\t\t\t<\/div>\n\t\t\t\t<\/div>\n\t\t\t\t\t<\/div>\n\t\t\t\t<\/div>\n\t\t<div class=\"elementor-element elementor-element-3d77880 e-flex e-con-boxed e-con e-parent\" data-id=\"3d77880\" data-element_type=\"container\">\n\t\t\t\t\t<div class=\"e-con-inner\">\n\t\t<div class=\"elementor-element elementor-element-24c1610 e-con-full e-flex e-con e-child\" data-id=\"24c1610\" data-element_type=\"container\">\n\t\t\t\t<div class=\"elementor-element elementor-element-bed87d4 elementor-widget elementor-widget-image\" data-id=\"bed87d4\" data-element_type=\"widget\" data-settings=\"{&quot;ekit_we_effect_on&quot;:&quot;none&quot;}\" data-widget_type=\"image.default\">\n\t\t\t\t<div class=\"elementor-widget-container\">\n\t\t\t\t\t\t\t\t\t\t\t\t\t\t\t<img fetchpriority=\"high\" decoding=\"async\" width=\"1388\" height=\"1042\" src=\"https:\/\/groupemontclair.com\/wp-content\/uploads\/2024\/12\/aura.webp\" class=\"attachment-full size-full wp-image-1551\" alt=\"\" srcset=\"https:\/\/groupemontclair.com\/wp-content\/uploads\/2024\/12\/aura.webp 1388w, https:\/\/groupemontclair.com\/wp-content\/uploads\/2024\/12\/aura-300x225.webp 300w, https:\/\/groupemontclair.com\/wp-content\/uploads\/2024\/12\/aura-1024x769.webp 1024w, https:\/\/groupemontclair.com\/wp-content\/uploads\/2024\/12\/aura-768x577.webp 768w\" sizes=\"(max-width: 1388px) 100vw, 1388px\" \/>\t\t\t\t\t\t\t\t\t\t\t\t\t\t\t<\/div>\n\t\t\t\t<\/div>\n\t\t\t\t<\/div>\n\t\t<div class=\"elementor-element elementor-element-a4be007 e-con-full e-flex e-con e-child\" data-id=\"a4be007\" data-element_type=\"container\">\n\t\t<div class=\"elementor-element elementor-element-f995f3c e-con-full e-flex e-con e-child\" data-id=\"f995f3c\" data-element_type=\"container\">\n\t\t<div class=\"elementor-element elementor-element-b6e675d e-con-full e-flex elementor-invisible e-con e-child\" data-id=\"b6e675d\" data-element_type=\"container\" data-settings=\"{&quot;background_background&quot;:&quot;classic&quot;,&quot;animation&quot;:&quot;fadeInRight&quot;}\">\n\t\t\t\t<div class=\"elementor-element elementor-element-c6cca51 elementor-widget elementor-widget-heading\" data-id=\"c6cca51\" data-element_type=\"widget\" data-settings=\"{&quot;ekit_we_effect_on&quot;:&quot;none&quot;}\" data-widget_type=\"heading.default\">\n\t\t\t\t<div class=\"elementor-widget-container\">\n\t\t\t\t\t<h2 class=\"elementor-heading-title elementor-size-default\">Aura sur le square<\/h2>\t\t\t\t<\/div>\n\t\t\t\t<\/div>\n\t\t\t\t<div class=\"elementor-element elementor-element-7da5281 elementor-widget elementor-widget-text-editor\" data-id=\"7da5281\" data-element_type=\"widget\" data-settings=\"{&quot;ekit_we_effect_on&quot;:&quot;none&quot;}\" data-widget_type=\"text-editor.default\">\n\t\t\t\t<div class=\"elementor-widget-container\">\n\t\t\t\t\t\t\t\t\tThe AURA SUR LE SQUARE (Phase 1) project is LEED Gold certified. Montclair prides itself on minimizing its environmental footprint by partnering and creating LEED projects. The principles of Leadership in Energy and Environmental Design, or LEED\u00ae, are the international symbol of sustainability excellence and leadership in green building. LEED\u2019s proven, holistic approach enables virtually any building type to reduce carbon emissions, conserve resources and reduce operating costs by prioritizing sustainable practices. Canada ranks among the top countries in the world for LEED certification.\t\t\t\t\t\t\t\t<\/div>\n\t\t\t\t<\/div>\n\t\t\t\t<\/div>\n\t\t\t\t<\/div>\n\t\t\t\t<\/div>\n\t\t\t\t\t<\/div>\n\t\t\t\t<\/div>\n\t\t<div class=\"elementor-element elementor-element-c45afd2 e-flex e-con-boxed e-con e-parent\" data-id=\"c45afd2\" data-element_type=\"container\" data-settings=\"{&quot;background_background&quot;:&quot;classic&quot;,&quot;shape_divider_top&quot;:&quot;triangle&quot;,&quot;shape_divider_top_negative&quot;:&quot;yes&quot;}\">\n\t\t\t\t\t<div class=\"e-con-inner\">\n\t\t\t\t<div class=\"elementor-shape elementor-shape-top\" data-negative=\"true\">\n\t\t\t<svg xmlns=\"http:\/\/www.w3.org\/2000\/svg\" viewBox=\"0 0 1000 100\" preserveAspectRatio=\"none\">\n\t<path class=\"elementor-shape-fill\" d=\"M500.2,94.7L0,0v100h1000V0L500.2,94.7z\"\/>\n<\/svg>\t\t<\/div>\n\t\t<div class=\"elementor-element elementor-element-d7ca62c e-con-full e-flex e-con e-child\" data-id=\"d7ca62c\" data-element_type=\"container\">\n\t\t\t\t<div class=\"elementor-element elementor-element-8c13573 elementor-widget elementor-widget-heading\" data-id=\"8c13573\" data-element_type=\"widget\" data-settings=\"{&quot;ekit_we_effect_on&quot;:&quot;none&quot;}\" data-widget_type=\"heading.default\">\n\t\t\t\t<div class=\"elementor-widget-container\">\n\t\t\t\t\t<h3 class=\"elementor-heading-title elementor-size-default\">Buildings are responsible for nearly 30% of all greenhouse gases, 35% of landfill waste and some 70% of municipal water consumption.<\/h3>\t\t\t\t<\/div>\n\t\t\t\t<\/div>\n\t\t\t\t<\/div>\n\t\t\t\t\t<\/div>\n\t\t\t\t<\/div>\n\t\t<div class=\"elementor-element elementor-element-636e66d e-flex e-con-boxed e-con e-parent\" data-id=\"636e66d\" data-element_type=\"container\" data-settings=\"{&quot;background_background&quot;:&quot;classic&quot;,&quot;shape_divider_bottom&quot;:&quot;triangle-asymmetrical&quot;}\">\n\t\t\t\t\t<div class=\"e-con-inner\">\n\t\t\t\t<div class=\"elementor-shape elementor-shape-bottom\" data-negative=\"false\">\n\t\t\t<svg xmlns=\"http:\/\/www.w3.org\/2000\/svg\" viewBox=\"0 0 1000 100\" preserveAspectRatio=\"none\">\n\t<path class=\"elementor-shape-fill\" d=\"M738,99l262-93V0H0v5.6L738,99z\"\/>\n<\/svg>\t\t<\/div>\n\t\t<div class=\"elementor-element elementor-element-3b0ba1b e-con-full e-flex e-con e-child\" data-id=\"3b0ba1b\" data-element_type=\"container\">\n\t\t<div class=\"elementor-element elementor-element-2b97cae e-con-full e-flex e-con e-child\" data-id=\"2b97cae\" data-element_type=\"container\">\n\t\t<div class=\"elementor-element elementor-element-29ad107 e-con-full e-flex elementor-invisible e-con e-child\" data-id=\"29ad107\" data-element_type=\"container\" data-settings=\"{&quot;background_background&quot;:&quot;classic&quot;,&quot;animation&quot;:&quot;fadeInLeft&quot;}\">\n\t\t\t\t<div class=\"elementor-element elementor-element-fb8acbf elementor-widget elementor-widget-text-editor\" data-id=\"fb8acbf\" data-element_type=\"widget\" data-settings=\"{&quot;ekit_we_effect_on&quot;:&quot;none&quot;}\" data-widget_type=\"text-editor.default\">\n\t\t\t\t<div class=\"elementor-widget-container\">\n\t\t\t\t\t\t\t\t\tLEED works well because it recognizes that sustainability should be part of the design, construction and operation of all buildings. LEED allows us to create resilient, high-performance buildings that reduce carbon emissions, save water, conserve energy and reduce waste. LEED also helps improve people\u2019s quality of life by providing optimal conditions for health, comfort and productivity \u2013 like better air quality and access to natural light.\t\t\t\t\t\t\t\t<\/div>\n\t\t\t\t<\/div>\n\t\t\t\t<\/div>\n\t\t\t\t<\/div>\n\t\t\t\t<\/div>\n\t\t<div class=\"elementor-element elementor-element-31fa63c e-con-full e-flex e-con e-child\" data-id=\"31fa63c\" data-element_type=\"container\">\n\t\t\t\t<div class=\"elementor-element elementor-element-e328805 elementor-widget elementor-widget-image\" data-id=\"e328805\" data-element_type=\"widget\" data-settings=\"{&quot;ekit_we_effect_on&quot;:&quot;none&quot;}\" data-widget_type=\"image.default\">\n\t\t\t\t<div class=\"elementor-widget-container\">\n\t\t\t\t\t\t\t\t\t\t\t\t\t\t\t<img decoding=\"async\" width=\"1920\" height=\"1280\" src=\"https:\/\/groupemontclair.com\/wp-content\/uploads\/2024\/12\/DSC09693.webp\" class=\"attachment-full size-full wp-image-1573\" alt=\"\" srcset=\"https:\/\/groupemontclair.com\/wp-content\/uploads\/2024\/12\/DSC09693.webp 1920w, https:\/\/groupemontclair.com\/wp-content\/uploads\/2024\/12\/DSC09693-300x200.webp 300w, https:\/\/groupemontclair.com\/wp-content\/uploads\/2024\/12\/DSC09693-1024x683.webp 1024w, https:\/\/groupemontclair.com\/wp-content\/uploads\/2024\/12\/DSC09693-768x512.webp 768w, https:\/\/groupemontclair.com\/wp-content\/uploads\/2024\/12\/DSC09693-1536x1024.webp 1536w\" sizes=\"(max-width: 1920px) 100vw, 1920px\" \/>\t\t\t\t\t\t\t\t\t\t\t\t\t\t\t<\/div>\n\t\t\t\t<\/div>\n\t\t\t\t<\/div>\n\t\t\t\t\t<\/div>\n\t\t\t\t<\/div>\n\t\t<div class=\"elementor-element elementor-element-eeda627 e-flex e-con-boxed e-con e-parent\" data-id=\"eeda627\" data-element_type=\"container\" data-settings=\"{&quot;background_background&quot;:&quot;classic&quot;,&quot;shape_divider_top&quot;:&quot;triangle&quot;,&quot;shape_divider_top_negative&quot;:&quot;yes&quot;,&quot;shape_divider_bottom&quot;:&quot;triangle&quot;}\">\n\t\t\t\t\t<div class=\"e-con-inner\">\n\t\t\t\t<div class=\"elementor-shape elementor-shape-top\" data-negative=\"true\">\n\t\t\t<svg xmlns=\"http:\/\/www.w3.org\/2000\/svg\" viewBox=\"0 0 1000 100\" preserveAspectRatio=\"none\">\n\t<path class=\"elementor-shape-fill\" d=\"M500.2,94.7L0,0v100h1000V0L500.2,94.7z\"\/>\n<\/svg>\t\t<\/div>\n\t\t\t\t<div class=\"elementor-shape elementor-shape-bottom\" data-negative=\"false\">\n\t\t\t<svg xmlns=\"http:\/\/www.w3.org\/2000\/svg\" viewBox=\"0 0 1000 100\" preserveAspectRatio=\"none\">\n\t<path class=\"elementor-shape-fill\" d=\"M500,98.9L0,6.1V0h1000v6.1L500,98.9z\"\/>\n<\/svg>\t\t<\/div>\n\t\t<div class=\"elementor-element elementor-element-708f30e e-con-full e-flex e-con e-child\" data-id=\"708f30e\" data-element_type=\"container\">\n\t\t<div class=\"elementor-element elementor-element-9e347e0 e-con-full e-flex e-con e-child\" data-id=\"9e347e0\" data-element_type=\"container\">\n\t\t<div class=\"elementor-element elementor-element-082df3c e-con-full e-flex e-con e-child\" data-id=\"082df3c\" data-element_type=\"container\">\n\t\t\t\t<div class=\"elementor-element elementor-element-55a6218 elementor-widget elementor-widget-heading\" data-id=\"55a6218\" data-element_type=\"widget\" data-settings=\"{&quot;ekit_we_effect_on&quot;:&quot;none&quot;}\" data-widget_type=\"heading.default\">\n\t\t\t\t<div class=\"elementor-widget-container\">\n\t\t\t\t\t<h3 class=\"elementor-heading-title elementor-size-default\">A home designed by Montclair, a safe bet.<\/h3>\t\t\t\t<\/div>\n\t\t\t\t<\/div>\n\t\t\t\t<div class=\"elementor-element elementor-element-de62b30 elementor-widget elementor-widget-text-editor\" data-id=\"de62b30\" data-element_type=\"widget\" data-settings=\"{&quot;ekit_we_effect_on&quot;:&quot;none&quot;}\" data-widget_type=\"text-editor.default\">\n\t\t\t\t<div class=\"elementor-widget-container\">\n\t\t\t\t\t\t\t\t\tThe AURA SUR LE SQUARE project also minimizes the carbon footprint of our residents. Indeed, proximity to public transportation is one of the main factors that contributes to the reduction of carbon emissions.\t\t\t\t\t\t\t\t<\/div>\n\t\t\t\t<\/div>\n\t\t\t\t<div class=\"elementor-element elementor-element-d66bfcb elementor-widget elementor-widget-premium-addon-button\" data-id=\"d66bfcb\" data-element_type=\"widget\" data-settings=\"{&quot;ekit_we_effect_on&quot;:&quot;none&quot;}\" data-widget_type=\"premium-addon-button.default\">\n\t\t\t\t<div class=\"elementor-widget-container\">\n\t\t\t\t\t\r\n\r\n\t\t<a class=\"premium-button premium-button-style2 premium-btn-md premium-button-style2-shutinhor\" href=\"https:\/\/www.cagbc.org\/our-work\/certification\/leed\/\" target=\"_blank\">\r\n\t\t\t<div class=\"premium-button-text-icon-wrapper\">\r\n\t\t\t\t\r\n\t\t\t\t\t\t\t\t\t\r\n\t\t\t\t\t\t\t\t\t<span >\r\n\t\t\t\t\t\tLearn more about LEED certification\t\t\t\t\t<\/span>\r\n\t\t\t\t\r\n\t\t\t\t\t\t\t\t\t\t\t\t\t\t\t\t\t\t\t\t\t\t<i class=\"premium-svg-nodraw premium-drawable-icon jki jki-right-arrow-8\" aria-hidden=\"true\"><\/i>\t\t\t\t\t\t\t\t\t\t\t\t\t\t\t\t\t\t<\/div>\r\n\r\n\t\t\t\r\n\t\t\t\r\n\t\t\t\r\n\t\t<\/a>\r\n\r\n\r\n\t\t\t\t\t\t<\/div>\n\t\t\t\t<\/div>\n\t\t\t\t<\/div>\n\t\t<div class=\"elementor-element elementor-element-8a90f30 e-con-full e-flex e-con e-child\" data-id=\"8a90f30\" data-element_type=\"container\">\n\t\t\t\t<div class=\"elementor-element elementor-element-0479d4b elementor-widget-tablet__width-initial elementor-widget-mobile_extra__width-initial elementor-position-top elementor-widget elementor-widget-image-box\" data-id=\"0479d4b\" data-element_type=\"widget\" data-settings=\"{&quot;ekit_we_effect_on&quot;:&quot;none&quot;}\" data-widget_type=\"image-box.default\">\n\t\t\t\t<div class=\"elementor-widget-container\">\n\t\t\t\t\t<div class=\"elementor-image-box-wrapper\"><figure class=\"elementor-image-box-img\"><img decoding=\"async\" width=\"1240\" height=\"893\" src=\"https:\/\/groupemontclair.com\/wp-content\/uploads\/2024\/12\/AuraGalerie_CAM_02_JM-1.webp\" class=\"attachment-full size-full wp-image-1581\" alt=\"\" srcset=\"https:\/\/groupemontclair.com\/wp-content\/uploads\/2024\/12\/AuraGalerie_CAM_02_JM-1.webp 1240w, https:\/\/groupemontclair.com\/wp-content\/uploads\/2024\/12\/AuraGalerie_CAM_02_JM-1-300x216.webp 300w, https:\/\/groupemontclair.com\/wp-content\/uploads\/2024\/12\/AuraGalerie_CAM_02_JM-1-1024x737.webp 1024w, https:\/\/groupemontclair.com\/wp-content\/uploads\/2024\/12\/AuraGalerie_CAM_02_JM-1-768x553.webp 768w\" sizes=\"(max-width: 1240px) 100vw, 1240px\" \/><\/figure><div class=\"elementor-image-box-content\"><p class=\"elementor-image-box-description\">The project is located just 300 meters from the REM (R\u00e9seau \u00c9lectrique M\u00e9tropolitain) Bois-Franc station, which will be in service by fall 2025. Several bus lines run through the borough and the area where the project is located. The Grand Projet Bois-Franc also benefits from its own bus line, the 70 Bois-Franc.<\/p><\/div><\/div>\t\t\t\t<\/div>\n\t\t\t\t<\/div>\n\t\t\t\t<\/div>\n\t\t<div class=\"elementor-element elementor-element-7a4ae7e e-con-full e-flex e-con e-child\" data-id=\"7a4ae7e\" data-element_type=\"container\">\n\t\t\t\t<div class=\"elementor-element elementor-element-f983f50 elementor-widget-tablet__width-initial elementor-widget-mobile_extra__width-initial elementor-widget-mobile__width-initial elementor-position-top elementor-widget elementor-widget-image-box\" data-id=\"f983f50\" data-element_type=\"widget\" data-settings=\"{&quot;ekit_we_effect_on&quot;:&quot;none&quot;}\" data-widget_type=\"image-box.default\">\n\t\t\t\t<div class=\"elementor-widget-container\">\n\t\t\t\t\t<div class=\"elementor-image-box-wrapper\"><figure class=\"elementor-image-box-img\"><img loading=\"lazy\" decoding=\"async\" width=\"1000\" height=\"667\" src=\"https:\/\/groupemontclair.com\/wp-content\/uploads\/2024\/12\/alys-24.webp\" class=\"attachment-full size-full wp-image-1585\" alt=\"\" srcset=\"https:\/\/groupemontclair.com\/wp-content\/uploads\/2024\/12\/alys-24.webp 1000w, https:\/\/groupemontclair.com\/wp-content\/uploads\/2024\/12\/alys-24-300x200.webp 300w, https:\/\/groupemontclair.com\/wp-content\/uploads\/2024\/12\/alys-24-768x512.webp 768w\" sizes=\"(max-width: 1000px) 100vw, 1000px\" \/><\/figure><div class=\"elementor-image-box-content\"><p class=\"elementor-image-box-description\">This one drops off its passengers at the C\u00f4te-Vertu station and crisscrosses the project almost entirely. The C\u00f4te-Vertu and Henri-Bourassa metro stations are reachable by a bus route and there is potential for a new metro station, called Bois-Franc, at the corner of Henri-Bourassa and Marcel-Laurin boulevards. A promising future for public transportation!<\/p><\/div><\/div>\t\t\t\t<\/div>\n\t\t\t\t<\/div>\n\t\t\t\t<\/div>\n\t\t\t\t<\/div>\n\t\t\t\t<\/div>\n\t\t\t\t\t<\/div>\n\t\t\t\t<\/div>\n\t\t\t\t<\/div>\n\t\t","protected":false},"excerpt":{"rendered":"<p>Home LEED \u2013 Aura sur le square Aura sur le square The AURA SUR LE SQUARE (Phase 1) project is LEED Gold certified. Montclair prides itself on minimizing its environmental footprint by partnering and creating LEED projects. The principles of Leadership in Energy and Environmental Design, or LEED\u00ae, are the international symbol of sustainability excellence [&hellip;]<\/p>\n","protected":false},"author":3,"featured_media":0,"parent":0,"menu_order":0,"comment_status":"closed","ping_status":"closed","template":"","meta":{"footnotes":""},"class_list":["post-1397","page","type-page","status-publish","hentry"],"_links":{"self":[{"href":"https:\/\/groupemontclair.com\/en\/wp-json\/wp\/v2\/pages\/1397","targetHints":{"allow":["GET"]}}],"collection":[{"href":"https:\/\/groupemontclair.com\/en\/wp-json\/wp\/v2\/pages"}],"about":[{"href":"https:\/\/groupemontclair.com\/en\/wp-json\/wp\/v2\/types\/page"}],"author":[{"embeddable":true,"href":"https:\/\/groupemontclair.com\/en\/wp-json\/wp\/v2\/users\/3"}],"replies":[{"embeddable":true,"href":"https:\/\/groupemontclair.com\/en\/wp-json\/wp\/v2\/comments?post=1397"}],"version-history":[{"count":7,"href":"https:\/\/groupemontclair.com\/en\/wp-json\/wp\/v2\/pages\/1397\/revisions"}],"predecessor-version":[{"id":1598,"href":"https:\/\/groupemontclair.com\/en\/wp-json\/wp\/v2\/pages\/1397\/revisions\/1598"}],"wp:attachment":[{"href":"https:\/\/groupemontclair.com\/en\/wp-json\/wp\/v2\/media?parent=1397"}],"curies":[{"name":"wp","href":"https:\/\/api.w.org\/{rel}","templated":true}]}}